{"id":22,"date":"2024-12-28T00:40:48","date_gmt":"2024-12-28T00:40:48","guid":{"rendered":"https:\/\/sierpenegra.com\/?page_id=22"},"modified":"2025-05-23T23:28:19","modified_gmt":"2025-05-23T23:28:19","slug":"contacto","status":"publish","type":"page","link":"https:\/\/sierpenegra.com\/en\/contacto\/","title":{"rendered":"Contact"},"content":{"rendered":"\t\t<div data-elementor-type=\"wp-page\" data-elementor-id=\"22\" class=\"elementor elementor-22\" data-elementor-post-type=\"page\">\n\t\t\t\t\t\t<section class=\"elementor-section elementor-top-section elementor-element elementor-element-4b0bdda elementor-reverse-mobile elementor-section-boxed elementor-section-height-default elementor-section-height-default\" data-id=\"4b0bdda\" data-element_type=\"section\" data-e-type=\"section\" data-settings=\"{&quot;background_background&quot;:&quot;gradient&quot;}\">\n\t\t\t\t\t\t<div class=\"elementor-container elementor-column-gap-default\">\n\t\t\t\t\t<div class=\"elementor-column elementor-col-50 elementor-top-column elementor-element elementor-element-5c8a897d\" data-id=\"5c8a897d\" data-element_type=\"column\" data-e-type=\"column\">\n\t\t\t<div class=\"elementor-widget-wrap elementor-element-populated\">\n\t\t\t\t\t\t<div class=\"elementor-element elementor-element-6c35239c elementor-widget__width-initial elementor-widget-mobile__width-initial elementor-widget elementor-widget-heading\" data-id=\"6c35239c\" data-element_type=\"widget\" data-e-type=\"widget\" data-widget_type=\"heading.default\">\n\t\t\t\t<div class=\"elementor-widget-container\">\n\t\t\t\t\t<h2 class=\"elementor-heading-title elementor-size-default\">\u00bfTe interesa nuestro mezcal?\n<\/h2>\t\t\t\t<\/div>\n\t\t\t\t<\/div>\n\t\t\t\t<div class=\"elementor-element elementor-element-18316528 elementor-widget-mobile__width-initial elementor-invisible elementor-widget elementor-widget-text-editor\" data-id=\"18316528\" data-element_type=\"widget\" data-e-type=\"widget\" data-settings=\"{&quot;_animation&quot;:&quot;fadeIn&quot;}\" data-widget_type=\"text-editor.default\">\n\t\t\t\t<div class=\"elementor-widget-container\">\n\t\t\t\t\t\t\t\t\t<p>Nos encantar\u00eda crear una alianza contigo.<\/p>\t\t\t\t\t\t\t\t<\/div>\n\t\t\t\t<\/div>\n\t\t\t\t<div class=\"elementor-element elementor-element-e63a018 elementor-widget__width-initial elementor-widget-mobile__width-initial elementor-widget elementor-widget-heading\" data-id=\"e63a018\" data-element_type=\"widget\" data-e-type=\"widget\" data-widget_type=\"heading.default\">\n\t\t\t\t<div class=\"elementor-widget-container\">\n\t\t\t\t\t<h2 class=\"elementor-heading-title elementor-size-default\">Zona de Experiencias\n<\/h2>\t\t\t\t<\/div>\n\t\t\t\t<\/div>\n\t\t\t\t<div class=\"elementor-element elementor-element-4470e94 elementor-widget-mobile__width-initial elementor-invisible elementor-widget elementor-widget-text-editor\" data-id=\"4470e94\" data-element_type=\"widget\" data-e-type=\"widget\" data-settings=\"{&quot;_animation&quot;:&quot;fadeIn&quot;}\" data-widget_type=\"text-editor.default\">\n\t\t\t\t<div class=\"elementor-widget-container\">\n\t\t\t\t\t\t\t\t\t<p>Prep\u00e1rate para vivir una experiencia inmersiva con catas guiadas, maridajes especiales y una mirada detr\u00e1s de escena en nuestros procesos.<\/p>\t\t\t\t\t\t\t\t<\/div>\n\t\t\t\t<\/div>\n\t\t\t\t<div class=\"elementor-element elementor-element-83fd924 elementor-widget elementor-widget-spacer\" data-id=\"83fd924\" data-element_type=\"widget\" data-e-type=\"widget\" data-widget_type=\"spacer.default\">\n\t\t\t\t<div class=\"elementor-widget-container\">\n\t\t\t\t\t\t\t<div class=\"elementor-spacer\">\n\t\t\t<div class=\"elementor-spacer-inner\"><\/div>\n\t\t<\/div>\n\t\t\t\t\t\t<\/div>\n\t\t\t\t<\/div>\n\t\t\t\t\t<\/div>\n\t\t<\/div>\n\t\t\t\t<div class=\"elementor-column elementor-col-50 elementor-top-column elementor-element elementor-element-33999b58\" data-id=\"33999b58\" data-element_type=\"column\" data-e-type=\"column\">\n\t\t\t<div class=\"elementor-widget-wrap elementor-element-populated\">\n\t\t\t\t\t\t<div class=\"elementor-element elementor-element-502ab54b elementor-widget-tablet__width-initial elementor-invisible elementor-widget elementor-widget-image\" data-id=\"502ab54b\" data-element_type=\"widget\" data-e-type=\"widget\" data-settings=\"{&quot;_animation&quot;:&quot;fadeIn&quot;}\" data-widget_type=\"image.default\">\n\t\t\t\t<div class=\"elementor-widget-container\">\n\t\t\t\t\t\t\t\t\t\t\t\t\t\t\t<img decoding=\"async\" src=\"https:\/\/sierpenegra.com\/wp-content\/uploads\/elementor\/thumbs\/4-2-scaled-e1738373733636-r0udkuqgif6filbl8lyqdxlggsiib5pav5ms4ifuaw.jpg\" title=\"Sierpe Negra Agave Style\" alt=\"Sierpe Negra Agave Style\" loading=\"lazy\" \/>\t\t\t\t\t\t\t\t\t\t\t\t\t\t\t<\/div>\n\t\t\t\t<\/div>\n\t\t\t\t\t<\/div>\n\t\t<\/div>\n\t\t\t\t\t<\/div>\n\t\t<\/section>\n\t\t<div class=\"elementor-element elementor-element-a04d8d3 envato-kit-141-top-0 e-flex e-con-boxed e-con e-parent\" data-id=\"a04d8d3\" data-element_type=\"container\" data-e-type=\"container\" data-settings=\"{&quot;background_background&quot;:&quot;classic&quot;}\">\n\t\t\t\t\t<div class=\"e-con-inner\">\n\t\t<div class=\"elementor-element elementor-element-b68436d e-con-full e-flex e-con e-child\" data-id=\"b68436d\" data-element_type=\"container\" data-e-type=\"container\">\n\t\t\t\t<div class=\"elementor-element elementor-element-1a38225 elementor-widget elementor-widget-image\" data-id=\"1a38225\" data-element_type=\"widget\" data-e-type=\"widget\" data-widget_type=\"image.default\">\n\t\t\t\t<div class=\"elementor-widget-container\">\n\t\t\t\t\t\t\t\t\t\t\t\t\t\t\t\t<a href=\"https:\/\/maps.app.goo.gl\/qY3PdNoi77e1sonD7\" target=\"_blank\">\n\t\t\t\t\t\t\t<img fetchpriority=\"high\" decoding=\"async\" width=\"800\" height=\"395\" src=\"https:\/\/sierpenegra.com\/wp-content\/uploads\/2025\/01\/mapa-e1736559020479-1024x505.jpg\" class=\"attachment-large size-large wp-image-1811\" alt=\"\" srcset=\"https:\/\/sierpenegra.com\/wp-content\/uploads\/2025\/01\/mapa-e1736559020479-1024x505.jpg 1024w, https:\/\/sierpenegra.com\/wp-content\/uploads\/2025\/01\/mapa-e1736559020479-600x296.jpg 600w, https:\/\/sierpenegra.com\/wp-content\/uploads\/2025\/01\/mapa-e1736559020479-300x148.jpg 300w, https:\/\/sierpenegra.com\/wp-content\/uploads\/2025\/01\/mapa-e1736559020479-768x379.jpg 768w, https:\/\/sierpenegra.com\/wp-content\/uploads\/2025\/01\/mapa-e1736559020479.jpg 1100w\" sizes=\"(max-width: 800px) 100vw, 800px\" \/>\t\t\t\t\t\t\t\t<\/a>\n\t\t\t\t\t\t\t\t\t\t\t\t\t\t\t<\/div>\n\t\t\t\t<\/div>\n\t\t<div class=\"elementor-element elementor-element-53e6de1 e-con-full e-flex e-con e-child\" data-id=\"53e6de1\" data-element_type=\"container\" data-e-type=\"container\">\n\t\t<div class=\"elementor-element elementor-element-9014a85 e-con-full e-flex e-con e-child\" data-id=\"9014a85\" data-element_type=\"container\" data-e-type=\"container\">\n\t\t\t\t<div class=\"elementor-element elementor-element-85c88a8 elementor-view-default elementor-position-block-start elementor-mobile-position-block-start elementor-widget elementor-widget-icon-box\" data-id=\"85c88a8\" data-element_type=\"widget\" data-e-type=\"widget\" data-widget_type=\"icon-box.default\">\n\t\t\t\t<div class=\"elementor-widget-container\">\n\t\t\t\t\t\t\t<div class=\"elementor-icon-box-wrapper\">\n\n\t\t\t\t\t\t<div class=\"elementor-icon-box-icon\">\n\t\t\t\t<span  class=\"elementor-icon\">\n\t\t\t\t<svg aria-hidden=\"true\" class=\"e-font-icon-svg e-fas-map\" viewBox=\"0 0 576 512\" xmlns=\"http:\/\/www.w3.org\/2000\/svg\"><path d=\"M0 117.66v346.32c0 11.32 11.43 19.06 21.94 14.86L160 416V32L20.12 87.95A32.006 32.006 0 0 0 0 117.66zM192 416l192 64V96L192 32v384zM554.06 33.16L416 96v384l139.88-55.95A31.996 31.996 0 0 0 576 394.34V48.02c0-11.32-11.43-19.06-21.94-14.86z\"><\/path><\/svg>\t\t\t\t<\/span>\n\t\t\t<\/div>\n\t\t\t\n\t\t\t\t\t\t<div class=\"elementor-icon-box-content\">\n\n\t\t\t\t\t\t\t\t\t<h4 class=\"elementor-icon-box-title\">\n\t\t\t\t\t\t<span  >\n\t\t\t\t\t\t\tLocation\t\t\t\t\t\t<\/span>\n\t\t\t\t\t<\/h4>\n\t\t\t\t\n\t\t\t\t\t\t\t\t\t<p class=\"elementor-icon-box-description\">\n\t\t\t\t\t\tPalenque  - \n Magdalena Apasco, Oaxaca, M\u00e9xico.\n*A 25km de la ciudad de Oaxaca.\n\t\t\t\t\t<\/p>\n\t\t\t\t\n\t\t\t<\/div>\n\t\t\t\n\t\t<\/div>\n\t\t\t\t\t\t<\/div>\n\t\t\t\t<\/div>\n\t\t\t\t<\/div>\n\t\t<div class=\"elementor-element elementor-element-8993670 e-con-full e-flex e-con e-child\" data-id=\"8993670\" data-element_type=\"container\" data-e-type=\"container\">\n\t\t\t\t<\/div>\n\t\t<div class=\"elementor-element elementor-element-bae8b38 e-con-full e-flex e-con e-child\" data-id=\"bae8b38\" data-element_type=\"container\" data-e-type=\"container\">\n\t\t\t\t<div class=\"elementor-element elementor-element-7e16342 elementor-view-default elementor-position-block-start elementor-mobile-position-block-start elementor-widget elementor-widget-icon-box\" data-id=\"7e16342\" data-element_type=\"widget\" data-e-type=\"widget\" data-widget_type=\"icon-box.default\">\n\t\t\t\t<div class=\"elementor-widget-container\">\n\t\t\t\t\t\t\t<div class=\"elementor-icon-box-wrapper\">\n\n\t\t\t\t\t\t<div class=\"elementor-icon-box-icon\">\n\t\t\t\t<span  class=\"elementor-icon\">\n\t\t\t\t<svg aria-hidden=\"true\" class=\"e-font-icon-svg e-fas-envelope\" viewBox=\"0 0 512 512\" xmlns=\"http:\/\/www.w3.org\/2000\/svg\"><path d=\"M502.3 190.8c3.9-3.1 9.7-.2 9.7 4.7V400c0 26.5-21.5 48-48 48H48c-26.5 0-48-21.5-48-48V195.6c0-5 5.7-7.8 9.7-4.7 22.4 17.4 52.1 39.5 154.1 113.6 21.1 15.4 56.7 47.8 92.2 47.6 35.7.3 72-32.8 92.3-47.6 102-74.1 131.6-96.3 154-113.7zM256 320c23.2.4 56.6-29.2 73.4-41.4 132.7-96.3 142.8-104.7 173.4-128.7 5.8-4.5 9.2-11.5 9.2-18.9v-19c0-26.5-21.5-48-48-48H48C21.5 64 0 85.5 0 112v19c0 7.4 3.4 14.3 9.2 18.9 30.6 23.9 40.7 32.4 173.4 128.7 16.8 12.2 50.2 41.8 73.4 41.4z\"><\/path><\/svg>\t\t\t\t<\/span>\n\t\t\t<\/div>\n\t\t\t\n\t\t\t\t\t\t<div class=\"elementor-icon-box-content\">\n\n\t\t\t\t\t\t\t\t\t<h4 class=\"elementor-icon-box-title\">\n\t\t\t\t\t\t<span  >\n\t\t\t\t\t\t\tE-Mail\t\t\t\t\t\t<\/span>\n\t\t\t\t\t<\/h4>\n\t\t\t\t\n\t\t\t\t\t\t\t\t\t<p class=\"elementor-icon-box-description\">\n\t\t\t\t\t\tinfo@sierpenegra.com\t\t\t\t\t<\/p>\n\t\t\t\t\n\t\t\t<\/div>\n\t\t\t\n\t\t<\/div>\n\t\t\t\t\t\t<\/div>\n\t\t\t\t<\/div>\n\t\t\t\t<\/div>\n\t\t\t\t<\/div>\n\t\t\t\t<\/div>\n\t\t<div class=\"elementor-element elementor-element-ce247c8 envato-kit-141-newsletter-inline e-con-full e-flex elementor-invisible e-con e-child\" data-id=\"ce247c8\" data-element_type=\"container\" data-e-type=\"container\" data-settings=\"{&quot;background_background&quot;:&quot;classic&quot;,&quot;animation&quot;:&quot;pulse&quot;,&quot;animation_delay&quot;:200}\">\n\t\t\t\t<div class=\"elementor-element elementor-element-208c723 elementor-widget__width-initial elementor-widget elementor-widget-heading\" data-id=\"208c723\" data-element_type=\"widget\" data-e-type=\"widget\" data-widget_type=\"heading.default\">\n\t\t\t\t<div class=\"elementor-widget-container\">\n\t\t\t\t\t<h2 class=\"elementor-heading-title elementor-size-default\">Escr\u00edbenos<\/h2>\t\t\t\t<\/div>\n\t\t\t\t<\/div>\n\t\t\t\t<div class=\"elementor-element elementor-element-1cd491e elementor-widget-divider--view-line elementor-widget elementor-widget-divider\" data-id=\"1cd491e\" data-element_type=\"widget\" data-e-type=\"widget\" data-widget_type=\"divider.default\">\n\t\t\t\t<div class=\"elementor-widget-container\">\n\t\t\t\t\t\t\t<div class=\"elementor-divider\">\n\t\t\t<span class=\"elementor-divider-separator\">\n\t\t\t\t\t\t<\/span>\n\t\t<\/div>\n\t\t\t\t\t\t<\/div>\n\t\t\t\t<\/div>\n\t\t\t\t<div class=\"elementor-element elementor-element-7f724e8 elementor-button-align-stretch elementor-widget elementor-widget-form\" data-id=\"7f724e8\" data-element_type=\"widget\" data-e-type=\"widget\" data-settings=\"{&quot;step_next_label&quot;:&quot;Siguiente&quot;,&quot;step_previous_label&quot;:&quot;Anterior&quot;,&quot;step_type&quot;:&quot;number_text&quot;,&quot;step_icon_shape&quot;:&quot;circle&quot;}\" data-widget_type=\"form.default\">\n\t\t\t\t<div class=\"elementor-widget-container\">\n\t\t\t\t\t\t\t<form class=\"elementor-form\" method=\"post\" name=\"New Form\" aria-label=\"New Form\">\n\t\t\t<input type=\"hidden\" name=\"post_id\" value=\"22\"\/>\n\t\t\t<input type=\"hidden\" name=\"form_id\" value=\"7f724e8\"\/>\n\t\t\t<input type=\"hidden\" name=\"referer_title\" value=\"Contacto Mezcal Sierpe Negra - Mezcal Sierpe Negra\" \/>\n\n\t\t\t\t\t\t\t<input type=\"hidden\" name=\"queried_id\" value=\"22\"\/>\n\t\t\t\n\t\t\t<div class=\"elementor-form-fields-wrapper elementor-labels-above\">\n\t\t\t\t\t\t\t\t<div class=\"elementor-field-type-text elementor-field-group elementor-column elementor-field-group-email elementor-col-100 elementor-field-required\">\n\t\t\t\t\t\t\t\t\t\t\t\t\t<input size=\"1\" type=\"text\" name=\"form_fields[email]\" id=\"form-field-email\" class=\"elementor-field elementor-size-md  elementor-field-textual\" placeholder=\"Nombre\" required=\"required\">\n\t\t\t\t\t\t\t\t\t\t\t<\/div>\n\t\t\t\t\t\t\t\t<div class=\"elementor-field-type-email elementor-field-group elementor-column elementor-field-group-6850d19 elementor-col-100 elementor-field-required\">\n\t\t\t\t\t\t\t\t\t\t\t\t\t<input size=\"1\" type=\"email\" name=\"form_fields[6850d19]\" id=\"form-field-6850d19\" class=\"elementor-field elementor-size-md  elementor-field-textual\" placeholder=\"Correo Electr\u00f3nico\" required=\"required\">\n\t\t\t\t\t\t\t\t\t\t\t<\/div>\n\t\t\t\t\t\t\t\t<div class=\"elementor-field-type-text elementor-field-group elementor-column elementor-field-group-f9f57ad elementor-col-100\">\n\t\t\t\t\t\t\t\t\t\t\t\t\t<input size=\"1\" type=\"text\" name=\"form_fields[f9f57ad]\" id=\"form-field-f9f57ad\" class=\"elementor-field elementor-size-md  elementor-field-textual\" placeholder=\"Nombre del Negocio\">\n\t\t\t\t\t\t\t\t\t\t\t<\/div>\n\t\t\t\t\t\t\t\t<div class=\"elementor-field-type-text elementor-field-group elementor-column elementor-field-group-field_163adf8 elementor-col-100\">\n\t\t\t\t\t\t\t\t\t\t\t\t\t<input size=\"1\" type=\"text\" name=\"form_fields[field_163adf8]\" id=\"form-field-field_163adf8\" class=\"elementor-field elementor-size-md  elementor-field-textual\" placeholder=\"Cargo\">\n\t\t\t\t\t\t\t\t\t\t\t<\/div>\n\t\t\t\t\t\t\t\t<div class=\"elementor-field-type-textarea elementor-field-group elementor-column elementor-field-group-da6d553 elementor-col-100\">\n\t\t\t\t\t<textarea class=\"elementor-field-textual elementor-field  elementor-size-md\" name=\"form_fields[da6d553]\" id=\"form-field-da6d553\" rows=\"4\" placeholder=\"Mensaje\"><\/textarea>\t\t\t\t<\/div>\n\t\t\t\t\t\t\t\t<div class=\"elementor-field-group elementor-column elementor-field-type-submit elementor-col-100 e-form__buttons\">\n\t\t\t\t\t<button class=\"elementor-button elementor-size-md\" type=\"submit\">\n\t\t\t\t\t\t<span class=\"elementor-button-content-wrapper\">\n\t\t\t\t\t\t\t\t\t\t\t\t\t\t\t\t\t\t\t\t\t\t<span class=\"elementor-button-text\">Enviar<\/span>\n\t\t\t\t\t\t\t\t\t\t\t\t\t<\/span>\n\t\t\t\t\t<\/button>\n\t\t\t\t<\/div>\n\t\t\t<\/div>\n\t\t<\/form>\n\t\t\t\t\t\t<\/div>\n\t\t\t\t<\/div>\n\t\t\t\t<\/div>\n\t\t\t\t\t<\/div>\n\t\t\t\t<\/div>\n\t\t\t\t<\/div>\n\t\t","protected":false},"excerpt":{"rendered":"<p>\u00bfTe interesa nuestro mezcal? Nos encantar\u00eda crear una alianza contigo. Zona de Experiencias Prep\u00e1rate para vivir una experiencia inmersiva con catas guiadas, maridajes especiales y una mirada detr\u00e1s de escena en nuestros procesos. Location Palenque &#8211; Magdalena Apasco, Oaxaca, M\u00e9xico. *A 25km de la ciudad de Oaxaca. E-Mail info@sierpenegra.com Escr\u00edbenos<\/p>","protected":false},"author":1,"featured_media":0,"parent":0,"menu_order":0,"comment_status":"closed","ping_status":"closed","template":"","meta":{"footnotes":""},"class_list":["post-22","page","type-page","status-publish","hentry"],"yoast_head":"<!-- This site is optimized with the Yoast SEO plugin v27.6 - https:\/\/yoast.com\/product\/yoast-seo-wordpress\/ -->\n<title>Contacto Mezcal Sierpe Negra - Mezcal Sierpe Negra<\/title>\n<meta name=\"robots\" content=\"index, follow, max-snippet:-1, max-image-preview:large, max-video-preview:-1\" \/>\n<link rel=\"canonical\" href=\"https:\/\/sierpenegra.com\/en\/contacto\/\" \/>\n<meta property=\"og:locale\" content=\"en_US\" \/>\n<meta property=\"og:type\" content=\"article\" \/>\n<meta property=\"og:title\" content=\"Contacto Mezcal Sierpe Negra - Mezcal Sierpe Negra\" \/>\n<meta property=\"og:description\" content=\"\u00bfTe interesa nuestro mezcal? Nos encantar\u00eda crear una alianza contigo. Zona de Experiencias Prep\u00e1rate para vivir una experiencia inmersiva con catas guiadas, maridajes especiales y una mirada detr\u00e1s de escena en nuestros procesos. Location Palenque &#8211; Magdalena Apasco, Oaxaca, M\u00e9xico. *A 25km de la ciudad de Oaxaca. E-Mail info@sierpenegra.com Escr\u00edbenos\" \/>\n<meta property=\"og:url\" content=\"https:\/\/sierpenegra.com\/en\/contacto\/\" \/>\n<meta property=\"og:site_name\" content=\"Mezcal Sierpe Negra\" \/>\n<meta property=\"article:publisher\" content=\"https:\/\/www.facebook.com\/profile.php?id=100071020211240\" \/>\n<meta property=\"article:modified_time\" content=\"2025-05-23T23:28:19+00:00\" \/>\n<meta property=\"og:image\" content=\"https:\/\/sierpenegra.com\/wp-content\/uploads\/elementor\/thumbs\/4-2-scaled-e1738373733636-r0udkuqgif6filbl8lyqdxlggsiib5pav5ms4ifuaw.jpg\" \/>\n<meta name=\"twitter:card\" content=\"summary_large_image\" \/>\n<meta name=\"twitter:site\" content=\"@MezcalNegra\" \/>\n<meta name=\"twitter:label1\" content=\"Est. reading time\" \/>\n\t<meta name=\"twitter:data1\" content=\"1 minute\" \/>\n<script type=\"application\/ld+json\" class=\"yoast-schema-graph\">{\"@context\":\"https:\\\/\\\/schema.org\",\"@graph\":[{\"@type\":\"WebPage\",\"@id\":\"https:\\\/\\\/sierpenegra.com\\\/contacto\\\/\",\"url\":\"https:\\\/\\\/sierpenegra.com\\\/contacto\\\/\",\"name\":\"Contacto Mezcal Sierpe Negra - Mezcal Sierpe Negra\",\"isPartOf\":{\"@id\":\"https:\\\/\\\/sierpenegra.com\\\/#website\"},\"primaryImageOfPage\":{\"@id\":\"https:\\\/\\\/sierpenegra.com\\\/contacto\\\/#primaryimage\"},\"image\":{\"@id\":\"https:\\\/\\\/sierpenegra.com\\\/contacto\\\/#primaryimage\"},\"thumbnailUrl\":\"https:\\\/\\\/sierpenegra.com\\\/wp-content\\\/uploads\\\/elementor\\\/thumbs\\\/4-2-scaled-e1738373733636-r0udkuqgif6filbl8lyqdxlggsiib5pav5ms4ifuaw.jpg\",\"datePublished\":\"2024-12-28T00:40:48+00:00\",\"dateModified\":\"2025-05-23T23:28:19+00:00\",\"breadcrumb\":{\"@id\":\"https:\\\/\\\/sierpenegra.com\\\/contacto\\\/#breadcrumb\"},\"inLanguage\":\"en-US\",\"potentialAction\":[{\"@type\":\"ReadAction\",\"target\":[\"https:\\\/\\\/sierpenegra.com\\\/contacto\\\/\"]}]},{\"@type\":\"ImageObject\",\"inLanguage\":\"en-US\",\"@id\":\"https:\\\/\\\/sierpenegra.com\\\/contacto\\\/#primaryimage\",\"url\":\"https:\\\/\\\/sierpenegra.com\\\/wp-content\\\/uploads\\\/elementor\\\/thumbs\\\/4-2-scaled-e1738373733636-r0udkuqgif6filbl8lyqdxlggsiib5pav5ms4ifuaw.jpg\",\"contentUrl\":\"https:\\\/\\\/sierpenegra.com\\\/wp-content\\\/uploads\\\/elementor\\\/thumbs\\\/4-2-scaled-e1738373733636-r0udkuqgif6filbl8lyqdxlggsiib5pav5ms4ifuaw.jpg\"},{\"@type\":\"BreadcrumbList\",\"@id\":\"https:\\\/\\\/sierpenegra.com\\\/contacto\\\/#breadcrumb\",\"itemListElement\":[{\"@type\":\"ListItem\",\"position\":1,\"name\":\"Portada\",\"item\":\"https:\\\/\\\/sierpenegra.com\\\/\"},{\"@type\":\"ListItem\",\"position\":2,\"name\":\"Contacto\"}]},{\"@type\":\"WebSite\",\"@id\":\"https:\\\/\\\/sierpenegra.com\\\/#website\",\"url\":\"https:\\\/\\\/sierpenegra.com\\\/\",\"name\":\"Mezcal Sierpe Negra\",\"description\":\"\",\"publisher\":{\"@id\":\"https:\\\/\\\/sierpenegra.com\\\/#organization\"},\"potentialAction\":[{\"@type\":\"SearchAction\",\"target\":{\"@type\":\"EntryPoint\",\"urlTemplate\":\"https:\\\/\\\/sierpenegra.com\\\/?s={search_term_string}\"},\"query-input\":{\"@type\":\"PropertyValueSpecification\",\"valueRequired\":true,\"valueName\":\"search_term_string\"}}],\"inLanguage\":\"en-US\"},{\"@type\":\"Organization\",\"@id\":\"https:\\\/\\\/sierpenegra.com\\\/#organization\",\"name\":\"Mezcal Sierpe Negra\",\"url\":\"https:\\\/\\\/sierpenegra.com\\\/\",\"logo\":{\"@type\":\"ImageObject\",\"inLanguage\":\"en-US\",\"@id\":\"https:\\\/\\\/sierpenegra.com\\\/#\\\/schema\\\/logo\\\/image\\\/\",\"url\":\"https:\\\/\\\/sierpenegra.com\\\/wp-content\\\/uploads\\\/2024\\\/12\\\/Logo-18.png\",\"contentUrl\":\"https:\\\/\\\/sierpenegra.com\\\/wp-content\\\/uploads\\\/2024\\\/12\\\/Logo-18.png\",\"width\":2251,\"height\":1255,\"caption\":\"Mezcal Sierpe Negra\"},\"image\":{\"@id\":\"https:\\\/\\\/sierpenegra.com\\\/#\\\/schema\\\/logo\\\/image\\\/\"},\"sameAs\":[\"https:\\\/\\\/www.facebook.com\\\/profile.php?id=100071020211240\",\"https:\\\/\\\/x.com\\\/MezcalNegra\",\"https:\\\/\\\/www.instagram.com\\\/mezcal.sierpe.negra\\\/\"]}]}<\/script>\n<!-- \/ Yoast SEO plugin. -->","yoast_head_json":{"title":"Contacto Mezcal Sierpe Negra - Mezcal Sierpe Negra","robots":{"index":"index","follow":"follow","max-snippet":"max-snippet:-1","max-image-preview":"max-image-preview:large","max-video-preview":"max-video-preview:-1"},"canonical":"https:\/\/sierpenegra.com\/en\/contacto\/","og_locale":"en_US","og_type":"article","og_title":"Contacto Mezcal Sierpe Negra - Mezcal Sierpe Negra","og_description":"\u00bfTe interesa nuestro mezcal? Nos encantar\u00eda crear una alianza contigo. Zona de Experiencias Prep\u00e1rate para vivir una experiencia inmersiva con catas guiadas, maridajes especiales y una mirada detr\u00e1s de escena en nuestros procesos. Location Palenque &#8211; Magdalena Apasco, Oaxaca, M\u00e9xico. *A 25km de la ciudad de Oaxaca. E-Mail info@sierpenegra.com Escr\u00edbenos","og_url":"https:\/\/sierpenegra.com\/en\/contacto\/","og_site_name":"Mezcal Sierpe Negra","article_publisher":"https:\/\/www.facebook.com\/profile.php?id=100071020211240","article_modified_time":"2025-05-23T23:28:19+00:00","og_image":[{"url":"https:\/\/sierpenegra.com\/wp-content\/uploads\/elementor\/thumbs\/4-2-scaled-e1738373733636-r0udkuqgif6filbl8lyqdxlggsiib5pav5ms4ifuaw.jpg","type":"","width":"","height":""}],"twitter_card":"summary_large_image","twitter_site":"@MezcalNegra","twitter_misc":{"Est. reading time":"1 minute"},"schema":{"@context":"https:\/\/schema.org","@graph":[{"@type":"WebPage","@id":"https:\/\/sierpenegra.com\/contacto\/","url":"https:\/\/sierpenegra.com\/contacto\/","name":"Contacto Mezcal Sierpe Negra - Mezcal Sierpe Negra","isPartOf":{"@id":"https:\/\/sierpenegra.com\/#website"},"primaryImageOfPage":{"@id":"https:\/\/sierpenegra.com\/contacto\/#primaryimage"},"image":{"@id":"https:\/\/sierpenegra.com\/contacto\/#primaryimage"},"thumbnailUrl":"https:\/\/sierpenegra.com\/wp-content\/uploads\/elementor\/thumbs\/4-2-scaled-e1738373733636-r0udkuqgif6filbl8lyqdxlggsiib5pav5ms4ifuaw.jpg","datePublished":"2024-12-28T00:40:48+00:00","dateModified":"2025-05-23T23:28:19+00:00","breadcrumb":{"@id":"https:\/\/sierpenegra.com\/contacto\/#breadcrumb"},"inLanguage":"en-US","potentialAction":[{"@type":"ReadAction","target":["https:\/\/sierpenegra.com\/contacto\/"]}]},{"@type":"ImageObject","inLanguage":"en-US","@id":"https:\/\/sierpenegra.com\/contacto\/#primaryimage","url":"https:\/\/sierpenegra.com\/wp-content\/uploads\/elementor\/thumbs\/4-2-scaled-e1738373733636-r0udkuqgif6filbl8lyqdxlggsiib5pav5ms4ifuaw.jpg","contentUrl":"https:\/\/sierpenegra.com\/wp-content\/uploads\/elementor\/thumbs\/4-2-scaled-e1738373733636-r0udkuqgif6filbl8lyqdxlggsiib5pav5ms4ifuaw.jpg"},{"@type":"BreadcrumbList","@id":"https:\/\/sierpenegra.com\/contacto\/#breadcrumb","itemListElement":[{"@type":"ListItem","position":1,"name":"Portada","item":"https:\/\/sierpenegra.com\/"},{"@type":"ListItem","position":2,"name":"Contacto"}]},{"@type":"WebSite","@id":"https:\/\/sierpenegra.com\/#website","url":"https:\/\/sierpenegra.com\/","name":"Mezcal Sierpe Negra","description":"","publisher":{"@id":"https:\/\/sierpenegra.com\/#organization"},"potentialAction":[{"@type":"SearchAction","target":{"@type":"EntryPoint","urlTemplate":"https:\/\/sierpenegra.com\/?s={search_term_string}"},"query-input":{"@type":"PropertyValueSpecification","valueRequired":true,"valueName":"search_term_string"}}],"inLanguage":"en-US"},{"@type":"Organization","@id":"https:\/\/sierpenegra.com\/#organization","name":"Mezcal Sierpe Negra","url":"https:\/\/sierpenegra.com\/","logo":{"@type":"ImageObject","inLanguage":"en-US","@id":"https:\/\/sierpenegra.com\/#\/schema\/logo\/image\/","url":"https:\/\/sierpenegra.com\/wp-content\/uploads\/2024\/12\/Logo-18.png","contentUrl":"https:\/\/sierpenegra.com\/wp-content\/uploads\/2024\/12\/Logo-18.png","width":2251,"height":1255,"caption":"Mezcal Sierpe Negra"},"image":{"@id":"https:\/\/sierpenegra.com\/#\/schema\/logo\/image\/"},"sameAs":["https:\/\/www.facebook.com\/profile.php?id=100071020211240","https:\/\/x.com\/MezcalNegra","https:\/\/www.instagram.com\/mezcal.sierpe.negra\/"]}]}},"_links":{"self":[{"href":"https:\/\/sierpenegra.com\/en\/wp-json\/wp\/v2\/pages\/22","targetHints":{"allow":["GET"]}}],"collection":[{"href":"https:\/\/sierpenegra.com\/en\/wp-json\/wp\/v2\/pages"}],"about":[{"href":"https:\/\/sierpenegra.com\/en\/wp-json\/wp\/v2\/types\/page"}],"author":[{"embeddable":true,"href":"https:\/\/sierpenegra.com\/en\/wp-json\/wp\/v2\/users\/1"}],"replies":[{"embeddable":true,"href":"https:\/\/sierpenegra.com\/en\/wp-json\/wp\/v2\/comments?post=22"}],"version-history":[{"count":58,"href":"https:\/\/sierpenegra.com\/en\/wp-json\/wp\/v2\/pages\/22\/revisions"}],"predecessor-version":[{"id":2598,"href":"https:\/\/sierpenegra.com\/en\/wp-json\/wp\/v2\/pages\/22\/revisions\/2598"}],"wp:attachment":[{"href":"https:\/\/sierpenegra.com\/en\/wp-json\/wp\/v2\/media?parent=22"}],"curies":[{"name":"wp","href":"https:\/\/api.w.org\/{rel}","templated":true}]}}